{"id":91,"date":"2023-04-27T15:33:37","date_gmt":"2023-04-27T15:33:37","guid":{"rendered":"https:\/\/operacionmascota.org\/inicio\/"},"modified":"2024-07-18T16:21:35","modified_gmt":"2024-07-18T16:21:35","slug":"inicio","status":"publish","type":"page","link":"https:\/\/operacionmascota.org\/es\/","title":{"rendered":"Inicio"},"content":{"rendered":"\n<p style=\"padding-bottom:var(--wp--preset--spacing--30)\">Operacion Mascota y Auxiliando Animales son organizaciones voluntarias dedicadas a esterilizar y apoyar a perros y gatos en Patzcuaro y comunidades aleda\u00f1as, as\u00ed como a educar al p\u00fablico. Nuestra misi\u00f3n es reducir la superpoblaci\u00f3n y el sufrimiento de los animales.<\/p>\n\n\n\n<p style=\"padding-bottom:var(--wp--preset--spacing--30)\">Nos preocupamos por nuestra comunidad y sus ciudadanos. Al ayudar a mejorar la seguridad, la salud y la calidad de vida de los perros y gatos de nuestra zona, resulta en mejoras de la seguridad, la salud y la calidad de vida de los ciudadanos de nuestra comunidad.<\/p>\n\n\n\n<p style=\"padding-bottom:var(--wp--preset--spacing--30)\">Cumplimos nuestra misi\u00f3n recaudando fondos para financiar directamente las esterilizaciones, concediendo becas para proyectos especiales relacionados y formando alianzas de trabajo con otras organizaciones protectoras de animales.<\/p>\n\n\n\n<hr class=\"wp-block-separator has-text-color has-accent-color has-alpha-channel-opacity has-accent-background-color has-background is-style-dots\"\/>\n\n\n\n<h2 class=\"wp-block-heading\">Buscamos voluntarios<\/h2>\n\n\n\n<p>Estamos buscando voluntarios para ayudarnos con nuestra pr\u00f3xima cl\u00ednica de esterilizaci\u00f3n en diciembre.  <\/p>\n\n\n\n<p>Necesitamos voluntarios para inscribir mascotas, transladar mascotas desde cirug\u00eda a recuperaci\u00f3n, monitorear mascotas bajo anestesia, explicar los cuidados pos-operativos, y dar de alta y baja a la cl\u00ednica.<\/p>\n\n\n\n<p>Tambi\u00e9n necesitamos voluntarios para tareas aparte de las cl\u00ednicas, como recaudar fondos, publicidad y redes sociales, y gesti\u00f3n.<\/p>\n\n\n\n<div class=\"wp-block-buttons is-content-justification-center is-layout-flex wp-container-core-buttons-is-layout-16018d1d wp-block-buttons-is-layout-flex\">\n<div class=\"wp-block-button\"><a class=\"wp-block-button__link wp-element-button\" href=\"https:\/\/operacionmascota.org\/es\/voluntarios\/\">\u00a1Quiero ayudar!<\/a><\/div>\n<\/div>\n\n\n\n<div style=\"height:100px\" aria-hidden=\"true\" class=\"wp-block-spacer\"><\/div>\n","protected":false},"excerpt":{"rendered":"<p>Operacion Mascota y Auxiliando Animales son organizaciones voluntarias dedicadas a esterilizar y apoyar a perros y gatos en Patzcuaro y comunidades aleda\u00f1as, as\u00ed como a educar al p\u00fablico. Nuestra misi\u00f3n es reducir la superpoblaci\u00f3n y el sufrimiento de los animales. Nos preocupamos por nuestra comunidad y sus ciudadanos. Al ayudar a mejorar la seguridad, la &#8230; <a title=\"Inicio\" class=\"read-more\" href=\"https:\/\/operacionmascota.org\/es\/\" aria-label=\"Leer m\u00e1s sobre Inicio\">Leer m\u00e1s<\/a><\/p>\n","protected":false},"author":1,"featured_media":581,"parent":0,"menu_order":0,"comment_status":"closed","ping_status":"closed","template":"","meta":{"footnotes":""},"class_list":["post-91","page","type-page","status-publish","has-post-thumbnail"],"yoast_head":"<!-- This site is optimized with the Yoast SEO plugin v27.5 - https:\/\/yoast.com\/product\/yoast-seo-wordpress\/ -->\n<title>Inicio - Operaci\u00f3n Mascota P\u00e1tzcuaro<\/title>\n<meta name=\"description\" content=\"Somos una organizaci\u00f3n voluntaria dedicada a esterilizar y apoyar a perros y gatos en P\u00e1tzcuaro y comunidades aleda\u00f1as, tanto como a educar al p\u00fablico. Nuestra misi\u00f3n es reducir la superpoblaci\u00f3n y el sufrimiento de los animales.\" \/>\n<meta name=\"robots\" content=\"index, follow, max-snippet:-1, max-image-preview:large, max-video-preview:-1\" \/>\n<link rel=\"canonical\" href=\"https:\/\/operacionmascota.org\/es\/\" \/>\n<meta property=\"og:locale\" content=\"es_ES\" \/>\n<meta property=\"og:type\" content=\"article\" \/>\n<meta property=\"og:title\" content=\"Inicio - Operaci\u00f3n Mascota P\u00e1tzcuaro\" \/>\n<meta property=\"og:description\" content=\"Somos una organizaci\u00f3n voluntaria dedicada a esterilizar y apoyar a perros y gatos en P\u00e1tzcuaro y comunidades aleda\u00f1as, tanto como a educar al p\u00fablico. Nuestra misi\u00f3n es reducir la superpoblaci\u00f3n y el sufrimiento de los animales.\" \/>\n<meta property=\"og:url\" content=\"https:\/\/operacionmascota.org\/es\/\" \/>\n<meta property=\"og:site_name\" content=\"Operaci\u00f3n Mascota P\u00e1tzcuaro\" \/>\n<meta property=\"article:modified_time\" content=\"2024-07-18T16:21:35+00:00\" \/>\n<meta property=\"og:image\" content=\"https:\/\/operacionmascota.org\/wp-content\/uploads\/2024\/07\/OM-Logo-tagline-es-black-og.jpg\" \/>\n\t<meta property=\"og:image:width\" content=\"1201\" \/>\n\t<meta property=\"og:image:height\" content=\"631\" \/>\n\t<meta property=\"og:image:type\" content=\"image\/jpeg\" \/>\n<meta name=\"twitter:card\" content=\"summary_large_image\" \/>\n<meta name=\"twitter:label1\" content=\"Tiempo de lectura\" \/>\n\t<meta name=\"twitter:data1\" content=\"1 minuto\" \/>\n<script type=\"application\/ld+json\" class=\"yoast-schema-graph\">{\"@context\":\"https:\\\/\\\/schema.org\",\"@graph\":[{\"@type\":\"WebPage\",\"@id\":\"https:\\\/\\\/operacionmascota.org\\\/es\\\/\",\"url\":\"https:\\\/\\\/operacionmascota.org\\\/es\\\/\",\"name\":\"Inicio - Operaci\u00f3n Mascota P\u00e1tzcuaro\",\"isPartOf\":{\"@id\":\"https:\\\/\\\/operacionmascota.org\\\/es\\\/#website\"},\"primaryImageOfPage\":{\"@id\":\"https:\\\/\\\/operacionmascota.org\\\/es\\\/#primaryimage\"},\"image\":{\"@id\":\"https:\\\/\\\/operacionmascota.org\\\/es\\\/#primaryimage\"},\"thumbnailUrl\":\"https:\\\/\\\/operacionmascota.org\\\/wp-content\\\/uploads\\\/2024\\\/07\\\/OM-Logo-tagline-es-black-og.jpg\",\"datePublished\":\"2023-04-27T15:33:37+00:00\",\"dateModified\":\"2024-07-18T16:21:35+00:00\",\"description\":\"Somos una organizaci\u00f3n voluntaria dedicada a esterilizar y apoyar a perros y gatos en P\u00e1tzcuaro y comunidades aleda\u00f1as, tanto como a educar al p\u00fablico. Nuestra misi\u00f3n es reducir la superpoblaci\u00f3n y el sufrimiento de los animales.\",\"breadcrumb\":{\"@id\":\"https:\\\/\\\/operacionmascota.org\\\/es\\\/#breadcrumb\"},\"inLanguage\":\"es\",\"potentialAction\":[{\"@type\":\"ReadAction\",\"target\":[\"https:\\\/\\\/operacionmascota.org\\\/es\\\/\"]}]},{\"@type\":\"ImageObject\",\"inLanguage\":\"es\",\"@id\":\"https:\\\/\\\/operacionmascota.org\\\/es\\\/#primaryimage\",\"url\":\"https:\\\/\\\/operacionmascota.org\\\/wp-content\\\/uploads\\\/2024\\\/07\\\/OM-Logo-tagline-es-black-og.jpg\",\"contentUrl\":\"https:\\\/\\\/operacionmascota.org\\\/wp-content\\\/uploads\\\/2024\\\/07\\\/OM-Logo-tagline-es-black-og.jpg\",\"width\":1201,\"height\":631,\"caption\":\"Operaci\u00f3n Mascota - Esterilizaci\u00f3n y apoyo para los gatos y perros de P\u00e1tzcuaro\"},{\"@type\":\"BreadcrumbList\",\"@id\":\"https:\\\/\\\/operacionmascota.org\\\/es\\\/#breadcrumb\",\"itemListElement\":[{\"@type\":\"ListItem\",\"position\":1,\"name\":\"Home\",\"item\":\"https:\\\/\\\/operacionmascota.org\\\/es\\\/\"},{\"@type\":\"ListItem\",\"position\":2,\"name\":\"Inicio\"}]},{\"@type\":\"WebSite\",\"@id\":\"https:\\\/\\\/operacionmascota.org\\\/es\\\/#website\",\"url\":\"https:\\\/\\\/operacionmascota.org\\\/es\\\/\",\"name\":\"Operaci\u00f3n Mascota P\u00e1tzcuaro\",\"description\":\"Sterilization and Support for Lake P\u00e1tzcuaro&#039;s Dogs &amp; Cats\",\"publisher\":{\"@id\":\"https:\\\/\\\/operacionmascota.org\\\/es\\\/#organization\"},\"potentialAction\":[{\"@type\":\"SearchAction\",\"target\":{\"@type\":\"EntryPoint\",\"urlTemplate\":\"https:\\\/\\\/operacionmascota.org\\\/es\\\/?s={search_term_string}\"},\"query-input\":{\"@type\":\"PropertyValueSpecification\",\"valueRequired\":true,\"valueName\":\"search_term_string\"}}],\"inLanguage\":\"es\"},{\"@type\":\"Organization\",\"@id\":\"https:\\\/\\\/operacionmascota.org\\\/es\\\/#organization\",\"name\":\"Operaci\u00f3n Mascota P\u00e1tzcuaro\",\"url\":\"https:\\\/\\\/operacionmascota.org\\\/es\\\/\",\"logo\":{\"@type\":\"ImageObject\",\"inLanguage\":\"es\",\"@id\":\"https:\\\/\\\/operacionmascota.org\\\/es\\\/#\\\/schema\\\/logo\\\/image\\\/\",\"url\":\"https:\\\/\\\/operacionmascota.org\\\/wp-content\\\/uploads\\\/2024\\\/07\\\/OM-Logo-tagline-es-black-og.jpg\",\"contentUrl\":\"https:\\\/\\\/operacionmascota.org\\\/wp-content\\\/uploads\\\/2024\\\/07\\\/OM-Logo-tagline-es-black-og.jpg\",\"width\":1201,\"height\":631,\"caption\":\"Operaci\u00f3n Mascota P\u00e1tzcuaro\"},\"image\":{\"@id\":\"https:\\\/\\\/operacionmascota.org\\\/es\\\/#\\\/schema\\\/logo\\\/image\\\/\"}}]}<\/script>\n<!-- \/ Yoast SEO plugin. -->","yoast_head_json":{"title":"Inicio - Operaci\u00f3n Mascota P\u00e1tzcuaro","description":"Somos una organizaci\u00f3n voluntaria dedicada a esterilizar y apoyar a perros y gatos en P\u00e1tzcuaro y comunidades aleda\u00f1as, tanto como a educar al p\u00fablico. Nuestra misi\u00f3n es reducir la superpoblaci\u00f3n y el sufrimiento de los animales.","robots":{"index":"index","follow":"follow","max-snippet":"max-snippet:-1","max-image-preview":"max-image-preview:large","max-video-preview":"max-video-preview:-1"},"canonical":"https:\/\/operacionmascota.org\/es\/","og_locale":"es_ES","og_type":"article","og_title":"Inicio - Operaci\u00f3n Mascota P\u00e1tzcuaro","og_description":"Somos una organizaci\u00f3n voluntaria dedicada a esterilizar y apoyar a perros y gatos en P\u00e1tzcuaro y comunidades aleda\u00f1as, tanto como a educar al p\u00fablico. Nuestra misi\u00f3n es reducir la superpoblaci\u00f3n y el sufrimiento de los animales.","og_url":"https:\/\/operacionmascota.org\/es\/","og_site_name":"Operaci\u00f3n Mascota P\u00e1tzcuaro","article_modified_time":"2024-07-18T16:21:35+00:00","og_image":[{"width":1201,"height":631,"url":"https:\/\/operacionmascota.org\/wp-content\/uploads\/2024\/07\/OM-Logo-tagline-es-black-og.jpg","type":"image\/jpeg"}],"twitter_card":"summary_large_image","twitter_misc":{"Tiempo de lectura":"1 minuto"},"schema":{"@context":"https:\/\/schema.org","@graph":[{"@type":"WebPage","@id":"https:\/\/operacionmascota.org\/es\/","url":"https:\/\/operacionmascota.org\/es\/","name":"Inicio - Operaci\u00f3n Mascota P\u00e1tzcuaro","isPartOf":{"@id":"https:\/\/operacionmascota.org\/es\/#website"},"primaryImageOfPage":{"@id":"https:\/\/operacionmascota.org\/es\/#primaryimage"},"image":{"@id":"https:\/\/operacionmascota.org\/es\/#primaryimage"},"thumbnailUrl":"https:\/\/operacionmascota.org\/wp-content\/uploads\/2024\/07\/OM-Logo-tagline-es-black-og.jpg","datePublished":"2023-04-27T15:33:37+00:00","dateModified":"2024-07-18T16:21:35+00:00","description":"Somos una organizaci\u00f3n voluntaria dedicada a esterilizar y apoyar a perros y gatos en P\u00e1tzcuaro y comunidades aleda\u00f1as, tanto como a educar al p\u00fablico. Nuestra misi\u00f3n es reducir la superpoblaci\u00f3n y el sufrimiento de los animales.","breadcrumb":{"@id":"https:\/\/operacionmascota.org\/es\/#breadcrumb"},"inLanguage":"es","potentialAction":[{"@type":"ReadAction","target":["https:\/\/operacionmascota.org\/es\/"]}]},{"@type":"ImageObject","inLanguage":"es","@id":"https:\/\/operacionmascota.org\/es\/#primaryimage","url":"https:\/\/operacionmascota.org\/wp-content\/uploads\/2024\/07\/OM-Logo-tagline-es-black-og.jpg","contentUrl":"https:\/\/operacionmascota.org\/wp-content\/uploads\/2024\/07\/OM-Logo-tagline-es-black-og.jpg","width":1201,"height":631,"caption":"Operaci\u00f3n Mascota - Esterilizaci\u00f3n y apoyo para los gatos y perros de P\u00e1tzcuaro"},{"@type":"BreadcrumbList","@id":"https:\/\/operacionmascota.org\/es\/#breadcrumb","itemListElement":[{"@type":"ListItem","position":1,"name":"Home","item":"https:\/\/operacionmascota.org\/es\/"},{"@type":"ListItem","position":2,"name":"Inicio"}]},{"@type":"WebSite","@id":"https:\/\/operacionmascota.org\/es\/#website","url":"https:\/\/operacionmascota.org\/es\/","name":"Operaci\u00f3n Mascota P\u00e1tzcuaro","description":"Sterilization and Support for Lake P\u00e1tzcuaro&#039;s Dogs &amp; Cats","publisher":{"@id":"https:\/\/operacionmascota.org\/es\/#organization"},"potentialAction":[{"@type":"SearchAction","target":{"@type":"EntryPoint","urlTemplate":"https:\/\/operacionmascota.org\/es\/?s={search_term_string}"},"query-input":{"@type":"PropertyValueSpecification","valueRequired":true,"valueName":"search_term_string"}}],"inLanguage":"es"},{"@type":"Organization","@id":"https:\/\/operacionmascota.org\/es\/#organization","name":"Operaci\u00f3n Mascota P\u00e1tzcuaro","url":"https:\/\/operacionmascota.org\/es\/","logo":{"@type":"ImageObject","inLanguage":"es","@id":"https:\/\/operacionmascota.org\/es\/#\/schema\/logo\/image\/","url":"https:\/\/operacionmascota.org\/wp-content\/uploads\/2024\/07\/OM-Logo-tagline-es-black-og.jpg","contentUrl":"https:\/\/operacionmascota.org\/wp-content\/uploads\/2024\/07\/OM-Logo-tagline-es-black-og.jpg","width":1201,"height":631,"caption":"Operaci\u00f3n Mascota P\u00e1tzcuaro"},"image":{"@id":"https:\/\/operacionmascota.org\/es\/#\/schema\/logo\/image\/"}}]}},"_links":{"self":[{"href":"https:\/\/operacionmascota.org\/es\/wp-json\/wp\/v2\/pages\/91","targetHints":{"allow":["GET"]}}],"collection":[{"href":"https:\/\/operacionmascota.org\/es\/wp-json\/wp\/v2\/pages"}],"about":[{"href":"https:\/\/operacionmascota.org\/es\/wp-json\/wp\/v2\/types\/page"}],"author":[{"embeddable":true,"href":"https:\/\/operacionmascota.org\/es\/wp-json\/wp\/v2\/users\/1"}],"replies":[{"embeddable":true,"href":"https:\/\/operacionmascota.org\/es\/wp-json\/wp\/v2\/comments?post=91"}],"version-history":[{"count":14,"href":"https:\/\/operacionmascota.org\/es\/wp-json\/wp\/v2\/pages\/91\/revisions"}],"predecessor-version":[{"id":286,"href":"https:\/\/operacionmascota.org\/es\/wp-json\/wp\/v2\/pages\/91\/revisions\/286"}],"wp:featuredmedia":[{"embeddable":true,"href":"https:\/\/operacionmascota.org\/es\/wp-json\/wp\/v2\/media\/581"}],"wp:attachment":[{"href":"https:\/\/operacionmascota.org\/es\/wp-json\/wp\/v2\/media?parent=91"}],"curies":[{"name":"wp","href":"https:\/\/api.w.org\/{rel}","templated":true}]}}